{"id":3737,"date":"2014-04-19T22:48:03","date_gmt":"2014-04-19T20:48:03","guid":{"rendered":"http:\/\/studiolazuli.com\/fr\/web-design"},"modified":"2026-02-03T17:40:05","modified_gmt":"2026-02-03T16:40:05","slug":"web-design","status":"publish","type":"page","link":"https:\/\/studiolazuli.com\/fr\/web-design","title":{"rendered":"Web Design"},"content":{"rendered":"<p>\u00c0 l&rsquo;heure o\u00f9 la demande en services en ligne ne cesse de cro\u00eetre, un site web ou une page d&rsquo;accueil \u00e9l\u00e9gant et optimis\u00e9 pour les moteurs de recherche (<a title=\"SEO\" href=\"https:\/\/developers.google.com\/search\/docs\/fundamentals\/seo-starter-guide?hl=fr#:~:text=Le%20SEO%20(Search%20Engine%20Optimization,via%20un%20moteur%20de%20recherche.\" target=\"_blank\" rel=\"noopener\">SEO<\/a>) est un outil indispensable pour attirer davantage de clients. Studio Lazuli propose des solutions web adapt\u00e9es \u00e0 votre activit\u00e9, quel que soit votre secteur d&rsquo;activit\u00e9 : <a title=\"Cr\u00e9ation de site de restaurant\" href=\"https:\/\/studiolazuli.com\/fr\/genres\/restaurant-site-fr\">site de restaurant<\/a>, <a title=\"Site Internet d'entreprise\" href=\"https:\/\/studiolazuli.com\/fr\/genres\/corporate-site-fr\">site d&rsquo;entreprise<\/a>, <a title=\"Cr\u00e9ation de portfolio en ligne\" href=\"https:\/\/studiolazuli.com\/fr\/genres\/portfolio-site-fr\">portfolio d&rsquo;artiste ou de cr\u00e9ateur<\/a>, site de cours de yoga ou de danse, boutique en ligne, etc. <span style=\"font-weight: bold; background: linear-gradient(transparent 50%, rgba(255, 252, 107, 0.69) 50%);\">Cliquez sur l&rsquo;image de votre choix dans le portfolio ci-dessous<\/span> pour d\u00e9couvrir en d\u00e9tail nos r\u00e9alisations en mati\u00e8re de sites web et de pages d&rsquo;accueil.<\/p>\n","protected":false},"excerpt":{"rendered":"<p>\u00c0 l&rsquo;heure o\u00f9 la demande en services en ligne ne cesse de cro\u00eetre, un site web ou une page d&rsquo;accueil \u00e9l\u00e9gant et optimis\u00e9 pour les moteurs de recherche (SEO) est un outil indispensable pour attirer davantage de clients. Studio Lazuli propose des solutions web adapt\u00e9es \u00e0 votre activit\u00e9, quel que soit votre secteur d&rsquo;activit\u00e9 : site de restaurant, site d&rsquo;entreprise, portfolio d&rsquo;artiste ou de cr\u00e9ateur, site de cours de yoga ou de danse, boutique en ligne, etc. Cliquez sur l&rsquo;image de votre choix dans le portfolio ci-dessous pour d\u00e9couvrir en d\u00e9tail nos r\u00e9alisations en mati\u00e8re de sites web et de pages d&rsquo;accueil.<\/p>\n","protected":false},"author":2,"featured_media":3480,"parent":0,"menu_order":6,"comment_status":"open","ping_status":"open","template":"web-creation.php","meta":{"_acf_changed":false,"_monsterinsights_skip_tracking":false,"_monsterinsights_sitenote_active":false,"_monsterinsights_sitenote_note":"","_monsterinsights_sitenote_category":0,"footnotes":""},"class_list":["post-3737","page","type-page","status-publish","has-post-thumbnail","hentry"],"acf":[],"aioseo_notices":[],"_links":{"self":[{"href":"https:\/\/studiolazuli.com\/fr\/wp-json\/wp\/v2\/pages\/3737","targetHints":{"allow":["GET"]}}],"collection":[{"href":"https:\/\/studiolazuli.com\/fr\/wp-json\/wp\/v2\/pages"}],"about":[{"href":"https:\/\/studiolazuli.com\/fr\/wp-json\/wp\/v2\/types\/page"}],"author":[{"embeddable":true,"href":"https:\/\/studiolazuli.com\/fr\/wp-json\/wp\/v2\/users\/2"}],"replies":[{"embeddable":true,"href":"https:\/\/studiolazuli.com\/fr\/wp-json\/wp\/v2\/comments?post=3737"}],"version-history":[{"count":0,"href":"https:\/\/studiolazuli.com\/fr\/wp-json\/wp\/v2\/pages\/3737\/revisions"}],"wp:featuredmedia":[{"embeddable":true,"href":"https:\/\/studiolazuli.com\/fr\/wp-json\/wp\/v2\/media\/3480"}],"wp:attachment":[{"href":"https:\/\/studiolazuli.com\/fr\/wp-json\/wp\/v2\/media?parent=3737"}],"curies":[{"name":"wp","href":"https:\/\/api.w.org\/{rel}","templated":true}]}}