{"id":3741,"date":"2014-04-19T23:03:35","date_gmt":"2014-04-19T21:03:35","guid":{"rendered":"http:\/\/studiolazuli.com\/fr\/graphic-design"},"modified":"2026-02-03T19:13:53","modified_gmt":"2026-02-03T18:13:53","slug":"graphic-design","status":"publish","type":"page","link":"https:\/\/studiolazuli.com\/fr\/graphic-design","title":{"rendered":"Graphisme"},"content":{"rendered":"<p>Nous exprimons de mani\u00e8re cr\u00e9ative sur papier ce que vous souhaitez communiquer, qu&rsquo;il s&rsquo;agisse de la conception de <a title=\"Carte de visite\" href=\"https:\/\/studiolazuli.com\/fr\/genres\/business-card-fr\">cartes de visite<\/a>, outil de communication permettant de vous faire conna\u00eetre lors d&rsquo;une premi\u00e8re rencontre dans un contexte professionnel, de la <a title=\"Publicit\u00e9\" href=\"https:\/\/studiolazuli.com\/fr\/genres\/advertisement-fr\">conception de publicit\u00e9s<\/a> telles que des flyers et des prospectus pour annoncer des \u00e9v\u00e9nements d&rsquo;ouverture, des f\u00eates, des soldes ou de nouveaux produits, ou encore de la <a title=\"Instruction\" href=\"https:\/\/studiolazuli.com\/fr\/genres\/instruction-fr\">conception de manuels d&rsquo;explication<\/a> tels que des patrons de v\u00eatements, des plans d&rsquo;architecture ou des notices de montage. Vous pouvez consulter les d\u00e9tails de nos travaux de conception graphique en <span style=\"font-weight: bold; background: linear-gradient(transparent 50%, rgba(255, 252, 107, 0.69) 50%);\">cliquant sur les images de votre choix dans le portfolio ci-dessous<\/span>.<\/p>\n","protected":false},"excerpt":{"rendered":"<p>Nous exprimons de mani\u00e8re cr\u00e9ative sur papier ce que vous souhaitez communiquer, qu&rsquo;il s&rsquo;agisse de la conception de cartes de visite, outil de communication permettant de vous faire conna\u00eetre lors d&rsquo;une premi\u00e8re rencontre dans un contexte professionnel, de la conception de publicit\u00e9s telles que des flyers et des prospectus pour annoncer des \u00e9v\u00e9nements d&rsquo;ouverture, des f\u00eates, des soldes ou de nouveaux produits, ou encore de la conception de manuels d&rsquo;explication tels que des patrons de v\u00eatements, des plans d&rsquo;architecture ou des notices de montage. Vous pouvez consulter les d\u00e9tails de nos travaux de conception graphique en cliquant sur les images de votre choix dans le portfolio ci-dessous.<\/p>\n","protected":false},"author":2,"featured_media":3667,"parent":0,"menu_order":15,"comment_status":"open","ping_status":"open","template":"graphic-design.php","meta":{"_acf_changed":false,"_monsterinsights_skip_tracking":false,"_monsterinsights_sitenote_active":false,"_monsterinsights_sitenote_note":"","_monsterinsights_sitenote_category":0,"footnotes":""},"class_list":["post-3741","page","type-page","status-publish","has-post-thumbnail","hentry"],"acf":[],"aioseo_notices":[],"_links":{"self":[{"href":"https:\/\/studiolazuli.com\/fr\/wp-json\/wp\/v2\/pages\/3741","targetHints":{"allow":["GET"]}}],"collection":[{"href":"https:\/\/studiolazuli.com\/fr\/wp-json\/wp\/v2\/pages"}],"about":[{"href":"https:\/\/studiolazuli.com\/fr\/wp-json\/wp\/v2\/types\/page"}],"author":[{"embeddable":true,"href":"https:\/\/studiolazuli.com\/fr\/wp-json\/wp\/v2\/users\/2"}],"replies":[{"embeddable":true,"href":"https:\/\/studiolazuli.com\/fr\/wp-json\/wp\/v2\/comments?post=3741"}],"version-history":[{"count":0,"href":"https:\/\/studiolazuli.com\/fr\/wp-json\/wp\/v2\/pages\/3741\/revisions"}],"wp:featuredmedia":[{"embeddable":true,"href":"https:\/\/studiolazuli.com\/fr\/wp-json\/wp\/v2\/media\/3667"}],"wp:attachment":[{"href":"https:\/\/studiolazuli.com\/fr\/wp-json\/wp\/v2\/media?parent=3741"}],"curies":[{"name":"wp","href":"https:\/\/api.w.org\/{rel}","templated":true}]}}