{"id":3743,"date":"2014-04-19T23:21:55","date_gmt":"2014-04-19T21:21:55","guid":{"rendered":"http:\/\/studiolazuli.com\/fr\/blog"},"modified":"2026-02-12T22:19:02","modified_gmt":"2026-02-12T21:19:02","slug":"blog","status":"publish","type":"page","link":"https:\/\/studiolazuli.com\/fr\/blog","title":{"rendered":"Blog"},"content":{"rendered":"<p>Ce blog traite quotidiennement de <a title=\"Cr\u00e9ation de site internet\" href=\"https:\/\/studiolazuli.com\/fr\/web-design\">la cr\u00e9ation de site internet<\/a>, de <a title=\"Photographie\" href=\"https:\/\/studiolazuli.com\/fr\/photography\">la photographie<\/a>, du <a title=\"Graphisme\" href=\"https:\/\/studiolazuli.com\/fr\/graphic-design\">graphisme<\/a> et de tout ce qui touche au domaine cr\u00e9atif dans la rubrique \u00ab <a title=\"Cr\u00e9ation\" href=\"https:\/\/studiolazuli.com\/fr\/category\/creation-fr\">Cr\u00e9ation<\/a> \u00bb, des choses int\u00e9ressantes et des \u00e9v\u00e9nements amusants observ\u00e9s dans ma vie quotidienne \u00e0 Paris, en France, dans la rubrique \u00ab <a title=\"Quotidien\" href=\"https:\/\/studiolazuli.com\/fr\/category\/daily-fr\">Quotidien<\/a> \u00bb, et de mes souvenirs de voyages au Japon, en Europe et dans le monde entier dans la rubrique \u00ab <a title=\"Voyage\" href=\"https:\/\/studiolazuli.com\/fr\/category\/travel-fr\">Voyages<\/a> \u00bb.<\/p>\n","protected":false},"excerpt":{"rendered":"<p>Ce blog traite quotidiennement de la cr\u00e9ation de site internet, de la photographie, du graphisme et de tout ce qui touche au domaine cr\u00e9atif dans la rubrique \u00ab Cr\u00e9ation \u00bb, des choses int\u00e9ressantes et des \u00e9v\u00e9nements amusants observ\u00e9s dans ma vie quotidienne \u00e0 Paris, en France, dans la rubrique \u00ab Quotidien \u00bb, et de mes souvenirs de voyages au Japon, en Europe et dans le monde entier dans la rubrique \u00ab Voyages \u00bb.<\/p>\n","protected":false},"author":2,"featured_media":3667,"parent":0,"menu_order":25,"comment_status":"open","ping_status":"closed","template":"blog.php","meta":{"_acf_changed":false,"_monsterinsights_skip_tracking":false,"_monsterinsights_sitenote_active":false,"_monsterinsights_sitenote_note":"","_monsterinsights_sitenote_category":0,"footnotes":""},"class_list":["post-3743","page","type-page","status-publish","has-post-thumbnail","hentry"],"acf":[],"aioseo_notices":[],"_links":{"self":[{"href":"https:\/\/studiolazuli.com\/fr\/wp-json\/wp\/v2\/pages\/3743","targetHints":{"allow":["GET"]}}],"collection":[{"href":"https:\/\/studiolazuli.com\/fr\/wp-json\/wp\/v2\/pages"}],"about":[{"href":"https:\/\/studiolazuli.com\/fr\/wp-json\/wp\/v2\/types\/page"}],"author":[{"embeddable":true,"href":"https:\/\/studiolazuli.com\/fr\/wp-json\/wp\/v2\/users\/2"}],"replies":[{"embeddable":true,"href":"https:\/\/studiolazuli.com\/fr\/wp-json\/wp\/v2\/comments?post=3743"}],"version-history":[{"count":0,"href":"https:\/\/studiolazuli.com\/fr\/wp-json\/wp\/v2\/pages\/3743\/revisions"}],"wp:featuredmedia":[{"embeddable":true,"href":"https:\/\/studiolazuli.com\/fr\/wp-json\/wp\/v2\/media\/3667"}],"wp:attachment":[{"href":"https:\/\/studiolazuli.com\/fr\/wp-json\/wp\/v2\/media?parent=3743"}],"curies":[{"name":"wp","href":"https:\/\/api.w.org\/{rel}","templated":true}]}}