{"id":8579,"date":"2026-02-02T21:47:17","date_gmt":"2026-02-02T20:47:17","guid":{"rendered":"https:\/\/studiolazuli.com\/privacy-policy"},"modified":"2026-02-04T11:21:51","modified_gmt":"2026-02-04T10:21:51","slug":"privacy-policy","status":"publish","type":"page","link":"https:\/\/studiolazuli.com\/fr\/privacy-policy","title":{"rendered":"Politique de confidentialit\u00e9"},"content":{"rendered":"<p>Les informations personnelles collect\u00e9es sur ce site sont utilis\u00e9es uniquement \u00e0 des fins professionnelles et ne sont pas transmises \u00e0 des tiers.<\/p>\n<p>Conform\u00e9ment au RGPD (R\u00e8glement g\u00e9n\u00e9ral sur la protection des donn\u00e9es) de l&rsquo;Union europ\u00e9enne, les utilisateurs ont le droit d&rsquo;acc\u00e9der \u00e0 leurs donn\u00e9es personnelles, de les corriger et de les supprimer. Si vous souhaitez exercer ces droits, veuillez nous contacter via <a title=\"le formulaire de contact ci-dessous\" href=\"#contact\">le formulaire de contact ci-dessous<\/a>.<\/p>\n<h2>\u00c0 propos des cookies<\/h2>\n<p>Ce site utilise des cookies, mais ceux-ci ne permettent pas d&rsquo;identifier les utilisateurs.<\/p>\n<p>Vous pouvez d\u00e9sactiver les cookies dans les param\u00e8tres de votre navigateur.<\/p>\n<h2>\u00c0 propos des outils d&rsquo;analyse d&rsquo;acc\u00e8s<\/h2>\n<p>Ce site utilise l&rsquo;outil d&rsquo;analyse d&rsquo;acc\u00e8s \u00ab Google Analytics \u00bb fourni par Google.<\/p>\n<p>Google Analytics utilise des cookies pour collecter des donn\u00e9es sur le trafic.<\/p>\n<p>Les donn\u00e9es sur le trafic sont collect\u00e9es de mani\u00e8re anonyme et ne permettent pas d&rsquo;identifier les utilisateurs.<\/p>\n<p>Pour plus d&rsquo;informations sur la collecte et le traitement des donn\u00e9es par Google Analytics, veuillez consulter la page \u00ab <a title=\"R\u00e8gles de confidentialit\u00e9 et conditions d\u2019utilisation\" href=\"https:\/\/policies.google.com\/technologies\/partner-sites?hl=fr\" target=\"_blank\" rel=\"noopener\">R\u00e8gles de confidentialit\u00e9 et conditions d\u2019utilisation<\/a> \u00bb. Si vous souhaitez d\u00e9sactiver la collecte d&rsquo;informations par Google, veuillez d\u00e9sactiver les cookies dans les param\u00e8tres de votre navigateur Web ou utiliser <a title=\"le Module compl\u00e9mentaire de navigateur pour la d\u00e9sactivation de Google Analytics\" href=\"https:\/\/tools.google.com\/dlpage\/gaoptout?hl=fr\" target=\"_blank\" rel=\"noopener\">le Module compl\u00e9mentaire de navigateur pour la d\u00e9sactivation de Google Analytics<\/a>.<\/p>\n<h2>\u00c0 propos de la s\u00e9curit\u00e9 SSL<\/h2>\n<p>Ce site utilise le cryptage SSL pour crypter les communications de donn\u00e9es entre le navigateur Web et le serveur Web.<\/p>\n<h2>\u00c0 propos des droits d&rsquo;auteur et des droits \u00e0 l&rsquo;image<\/h2>\n<p>Tout le contenu de ce site, y compris les photos, images, vid\u00e9os et textes, est prot\u00e9g\u00e9 par des droits d&rsquo;auteur et des droits \u00e0 l&rsquo;image.<\/p>\n<p><span style=\"font-weight: bold; background: linear-gradient(transparent 50%, rgba(255, 252, 107, 0.69) 50%);\">Il est interdit de reproduire sans autorisation le contenu de ce site, y compris les photos, images, vid\u00e9os et textes, au-del\u00e0 des limites autoris\u00e9es par la loi en mati\u00e8re de citation.<\/span><\/p>\n<p>De plus, ce site n&rsquo;a pas pour objectif de porter atteinte aux droits d&rsquo;auteur ou aux droits \u00e0 l&rsquo;image.<\/p>\n<p>Si vous constatez un probl\u00e8me concernant les droits d&rsquo;auteur ou les droits \u00e0 l&rsquo;image, veuillez nous contacter via <a title=\"le formulaire de contact ci-dessous\" href=\"#contact\">le formulaire de contact ci-dessous<\/a>.<\/p>\n<h2>\u00c0 propos des liens<\/h2>\n<p><span style=\"font-weight: bold; background: linear-gradient(transparent 50%, rgba(255, 252, 107, 0.69) 50%);\">Il n&rsquo;est pas n\u00e9cessaire d&rsquo;obtenir une autorisation ou de nous contacter pour cr\u00e9er un lien vers ce site.<\/span><\/p>\n<p>Cependant, veuillez vous abstenir de cr\u00e9er des liens directs vers des images ou d&rsquo;utiliser des cadres int\u00e9gr\u00e9s.<\/p>\n","protected":false},"excerpt":{"rendered":"<p>Les informations personnelles collect\u00e9es sur ce site sont utilis\u00e9es uniquement \u00e0 des fins professionnelles et ne sont pas transmises \u00e0 des tiers. Conform\u00e9ment au RGPD (R\u00e8glement g\u00e9n\u00e9ral sur la protection des donn\u00e9es) de l&rsquo;Union europ\u00e9enne, les utilisateurs ont le droit d&rsquo;acc\u00e9der \u00e0 leurs donn\u00e9es personnelles, de les corriger et de les supprimer. Si vous souhaitez exercer ces droits, veuillez nous contacter via le formulaire de contact ci-dessous. \u00c0 propos des cookies Ce site utilise des cookies, mais ceux-ci ne permettent pas d&rsquo;identifier les utilisateurs. Vous pouvez d\u00e9sactiver les cookies dans les param\u00e8tres de votre navigateur. \u00c0 propos des outils d&rsquo;analyse d&rsquo;acc\u00e8s Ce site utilise l&rsquo;outil d&rsquo;analyse d&rsquo;acc\u00e8s \u00ab Google Analytics \u00bb fourni par Google. Google Analytics utilise des cookies pour collecter des donn\u00e9es sur le trafic. Les donn\u00e9es sur le trafic sont collect\u00e9es de mani\u00e8re anonyme et ne permettent pas d&rsquo;identifier les utilisateurs. Pour plus d&rsquo;informations sur la collecte et le traitement des donn\u00e9es par Google Analytics, veuillez consulter la page \u00ab R\u00e8gles de confidentialit\u00e9 et conditions d\u2019utilisation \u00bb. Si vous souhaitez d\u00e9sactiver la collecte d&rsquo;informations par Google, veuillez d\u00e9sactiver les cookies dans les param\u00e8tres de votre navigateur Web ou utiliser le Module compl\u00e9mentaire de navigateur pour la d\u00e9sactivation de Google Analytics. \u00c0 propos de la s\u00e9curit\u00e9 SSL Ce site utilise le cryptage SSL pour crypter les communications de donn\u00e9es entre le navigateur Web et le serveur Web. \u00c0 propos des droits d&rsquo;auteur et des droits \u00e0 l&rsquo;image Tout le contenu de ce site, y compris les photos, images, vid\u00e9os&#8230;<\/p>\n","protected":false},"author":2,"featured_media":3667,"parent":0,"menu_order":29,"comment_status":"closed","ping_status":"closed","template":"","meta":{"_acf_changed":false,"_monsterinsights_skip_tracking":false,"_monsterinsights_sitenote_active":false,"_monsterinsights_sitenote_note":"","_monsterinsights_sitenote_category":0,"footnotes":""},"class_list":["post-8579","page","type-page","status-publish","has-post-thumbnail","hentry"],"acf":[],"aioseo_notices":[],"_links":{"self":[{"href":"https:\/\/studiolazuli.com\/fr\/wp-json\/wp\/v2\/pages\/8579","targetHints":{"allow":["GET"]}}],"collection":[{"href":"https:\/\/studiolazuli.com\/fr\/wp-json\/wp\/v2\/pages"}],"about":[{"href":"https:\/\/studiolazuli.com\/fr\/wp-json\/wp\/v2\/types\/page"}],"author":[{"embeddable":true,"href":"https:\/\/studiolazuli.com\/fr\/wp-json\/wp\/v2\/users\/2"}],"replies":[{"embeddable":true,"href":"https:\/\/studiolazuli.com\/fr\/wp-json\/wp\/v2\/comments?post=8579"}],"version-history":[{"count":0,"href":"https:\/\/studiolazuli.com\/fr\/wp-json\/wp\/v2\/pages\/8579\/revisions"}],"wp:featuredmedia":[{"embeddable":true,"href":"https:\/\/studiolazuli.com\/fr\/wp-json\/wp\/v2\/media\/3667"}],"wp:attachment":[{"href":"https:\/\/studiolazuli.com\/fr\/wp-json\/wp\/v2\/media?parent=8579"}],"curies":[{"name":"wp","href":"https:\/\/api.w.org\/{rel}","templated":true}]}}